{"id":7,"date":"2026-03-26T18:45:35","date_gmt":"2026-03-26T18:45:35","guid":{"rendered":"https:\/\/www.reconnectedselfprague.com\/?page_id=7"},"modified":"2026-04-06T10:20:38","modified_gmt":"2026-04-06T08:20:38","slug":"reconnected-self-prague","status":"publish","type":"page","link":"https:\/\/reconnectedselfprague.com\/","title":{"rendered":"Reconnected Self-Prague"},"content":{"rendered":"\n<div class=\"wp-block-group alignfull has-global-padding is-layout-constrained wp-container-core-group-is-layout-0c9c989a wp-block-group-is-layout-constrained\" style=\"min-height:0vh;margin-top:0;margin-bottom:0;padding-top:var(--wp--preset--spacing--70);padding-right:var(--wp--preset--spacing--40);padding-bottom:var(--wp--preset--spacing--70);padding-left:var(--wp--preset--spacing--40)\">\n<div class=\"wp-block-group has-global-padding is-layout-constrained wp-container-core-group-is-layout-346627ba wp-block-group-is-layout-constrained\">\n<h2 class=\"wp-block-heading has-text-align-center has-xx-large-font-size\" style=\"margin-right:0;margin-left:0;padding-right:0;padding-left:0\"><em>English-Language Mental Health Counseling in Greater Prague<\/em><\/h2>\n\n\n\n<p class=\"has-text-align-center\">Stephan Wolfert, Founder, Reconnected Self Counseling, English-Language Counseling | Online | Greater Prague <\/p>\n\n\n\n<p class=\"has-text-align-center\">Integrate your body. Reclaim your story.<\/p>\n\n\n\n<div class=\"wp-block-buttons is-content-justification-center is-layout-flex wp-container-core-buttons-is-layout-a89b3969 wp-block-buttons-is-layout-flex\">\n<div class=\"wp-block-button\"><a class=\"wp-block-button__link wp-element-button\">Contact Us Here<\/a><\/div>\n<\/div>\n<\/div>\n<\/div>\n\n\n\n<div class=\"wp-block-group alignfull is-style-section-1 has-global-padding is-layout-constrained wp-block-group-is-layout-constrained is-style-section-1--1\" style=\"margin-top:0;margin-bottom:0;padding-top:var(--wp--preset--spacing--80);padding-bottom:var(--wp--preset--spacing--80)\">\n<div class=\"wp-block-columns alignwide is-layout-flex wp-container-core-columns-is-layout-66fad18a wp-block-columns-is-layout-flex\">\n<div class=\"wp-block-column is-layout-flow wp-block-column-is-layout-flow\" style=\"padding-right:var(--wp--preset--spacing--50);flex-basis:45%\">\n<figure class=\"wp-block-image size-full\"><img loading=\"lazy\" decoding=\"async\" width=\"2000\" height=\"2000\" src=\"http:\/\/www.reconnectedselfprague.com\/wp-content\/uploads\/2026\/03\/Reconnected-Self-Logo.png\" alt=\"\" class=\"wp-image-12\" srcset=\"https:\/\/reconnectedselfprague.com\/wp-content\/uploads\/2026\/03\/Reconnected-Self-Logo.png 2000w, https:\/\/reconnectedselfprague.com\/wp-content\/uploads\/2026\/03\/Reconnected-Self-Logo-300x300.png 300w, https:\/\/reconnectedselfprague.com\/wp-content\/uploads\/2026\/03\/Reconnected-Self-Logo-1024x1024.png 1024w, https:\/\/reconnectedselfprague.com\/wp-content\/uploads\/2026\/03\/Reconnected-Self-Logo-150x150.png 150w, https:\/\/reconnectedselfprague.com\/wp-content\/uploads\/2026\/03\/Reconnected-Self-Logo-768x768.png 768w, https:\/\/reconnectedselfprague.com\/wp-content\/uploads\/2026\/03\/Reconnected-Self-Logo-1536x1536.png 1536w\" sizes=\"auto, (max-width: 2000px) 100vw, 2000px\" \/><\/figure>\n\n\n\n<div class=\"wp-block-group has-global-padding is-layout-constrained wp-block-group-is-layout-constrained\" style=\"margin-top:-12vw\"><\/div>\n<\/div>\n\n\n\n<div class=\"wp-block-column is-vertically-aligned-center is-layout-flow wp-block-column-is-layout-flow\" style=\"padding-right:0;padding-left:0;flex-basis:50%\">\n<div class=\"wp-block-group is-vertical is-layout-flex wp-container-core-group-is-layout-fe9cc265 wp-block-group-is-layout-flex\">\n<h2 class=\"wp-block-heading is-style-text-annotation is-style-text-annotation--2\">About Us<\/h2>\n<\/div>\n\n\n\n<p class=\"is-style-text-subtitle has-large-font-size is-style-text-subtitle--3\"><strong>Healing is a process of integration.<\/strong> At Reconnected Self, we support English-speaking expats, performers, war survivors, and adults who have experienced childhood neglect, maltreatment, or abuse to move beyond survival mode.<\/p>\n\n\n\n<p class=\"is-style-text-subtitle has-large-font-size is-style-text-subtitle--4\">By combining evidence-based counseling with somatic practices and narrative storytelling, we work to down-regulate your nervous system and re-author your story. <\/p>\n\n\n\n<p class=\"is-style-text-subtitle has-large-font-size is-style-text-subtitle--5\">Together, we&#8217;ll help you take up the space you need to be present, speak your truth, and thrive.<\/p>\n<\/div>\n<\/div>\n<\/div>\n\n\n\n<div class=\"wp-block-group alignfull has-global-padding is-layout-constrained wp-container-core-group-is-layout-ebee8dc1 wp-block-group-is-layout-constrained\" style=\"margin-top:0;margin-bottom:0;padding-top:var(--wp--preset--spacing--50);padding-bottom:var(--wp--preset--spacing--50)\">\n<h2 class=\"wp-block-heading alignwide has-text-align-center\">Our Methodology<\/h2>\n\n\n\n<p>We bring a diverse, interdisciplinary toolkit to our sessions:<\/p>\n\n\n\n<div class=\"wp-block-columns alignwide is-layout-flex wp-container-core-columns-is-layout-28f84493 wp-block-columns-is-layout-flex\">\n<div class=\"wp-block-column is-layout-flow wp-block-column-is-layout-flow\">\n<figure class=\"wp-block-image size-full\" style=\"margin-bottom:24px\"><img loading=\"lazy\" decoding=\"async\" width=\"2560\" height=\"1912\" src=\"http:\/\/www.reconnectedselfprague.com\/wp-content\/uploads\/2026\/03\/feastofcrispian2019-191-copy-scaled.jpeg\" alt=\"\" class=\"wp-image-14\" style=\"aspect-ratio:4\/3;object-fit:cover\" srcset=\"https:\/\/reconnectedselfprague.com\/wp-content\/uploads\/2026\/03\/feastofcrispian2019-191-copy-scaled.jpeg 2560w, https:\/\/reconnectedselfprague.com\/wp-content\/uploads\/2026\/03\/feastofcrispian2019-191-copy-300x224.jpeg 300w, https:\/\/reconnectedselfprague.com\/wp-content\/uploads\/2026\/03\/feastofcrispian2019-191-copy-1024x765.jpeg 1024w, https:\/\/reconnectedselfprague.com\/wp-content\/uploads\/2026\/03\/feastofcrispian2019-191-copy-768x574.jpeg 768w, https:\/\/reconnectedselfprague.com\/wp-content\/uploads\/2026\/03\/feastofcrispian2019-191-copy-1536x1147.jpeg 1536w, https:\/\/reconnectedselfprague.com\/wp-content\/uploads\/2026\/03\/feastofcrispian2019-191-copy-2048x1530.jpeg 2048w\" sizes=\"auto, (max-width: 2560px) 100vw, 2560px\" \/><\/figure>\n\n\n\n<h3 class=\"wp-block-heading\">Somatic Practice<\/h3>\n\n\n\n<p class=\"has-medium-font-size\">We draw on years of experience in &#8220;somatic practices&#8221; or body-based work to help you down-regulate your nervous system and regain autonomy over your physical self.<\/p>\n<\/div>\n\n\n\n<div class=\"wp-block-column is-layout-flow wp-block-column-is-layout-flow\">\n<figure class=\"wp-block-image size-full\" style=\"margin-bottom:24px\"><img loading=\"lazy\" decoding=\"async\" width=\"1920\" height=\"2560\" src=\"http:\/\/www.reconnectedselfprague.com\/wp-content\/uploads\/2026\/03\/Teaching-DE-CRUIT-Norwich-1-scaled.jpg\" alt=\"\" class=\"wp-image-18\" style=\"aspect-ratio:4\/3;object-fit:cover\" srcset=\"https:\/\/reconnectedselfprague.com\/wp-content\/uploads\/2026\/03\/Teaching-DE-CRUIT-Norwich-1-scaled.jpg 1920w, https:\/\/reconnectedselfprague.com\/wp-content\/uploads\/2026\/03\/Teaching-DE-CRUIT-Norwich-1-225x300.jpg 225w, https:\/\/reconnectedselfprague.com\/wp-content\/uploads\/2026\/03\/Teaching-DE-CRUIT-Norwich-1-768x1024.jpg 768w, https:\/\/reconnectedselfprague.com\/wp-content\/uploads\/2026\/03\/Teaching-DE-CRUIT-Norwich-1-1152x1536.jpg 1152w, https:\/\/reconnectedselfprague.com\/wp-content\/uploads\/2026\/03\/Teaching-DE-CRUIT-Norwich-1-1536x2048.jpg 1536w\" sizes=\"auto, (max-width: 1920px) 100vw, 1920px\" \/><\/figure>\n\n\n\n<h3 class=\"wp-block-heading\">Narrative Integration<\/h3>\n\n\n\n<p class=\"has-medium-font-size\">We use storytelling not just to recount the past, but to re-author a future where you speak your truth rather than what you feel you &#8220;ought&#8221; to say.<\/p>\n<\/div>\n\n\n\n<div class=\"wp-block-column is-layout-flow wp-block-column-is-layout-flow\">\n<figure class=\"wp-block-image size-full\" style=\"margin-bottom:24px\"><img loading=\"lazy\" decoding=\"async\" width=\"2560\" height=\"1157\" src=\"http:\/\/www.reconnectedselfprague.com\/wp-content\/uploads\/2026\/03\/ph-Donatella-Codonesu-1807-1-scaled.jpg\" alt=\"\" class=\"wp-image-19\" style=\"aspect-ratio:4\/3;object-fit:cover\" srcset=\"https:\/\/reconnectedselfprague.com\/wp-content\/uploads\/2026\/03\/ph-Donatella-Codonesu-1807-1-scaled.jpg 2560w, https:\/\/reconnectedselfprague.com\/wp-content\/uploads\/2026\/03\/ph-Donatella-Codonesu-1807-1-300x136.jpg 300w, https:\/\/reconnectedselfprague.com\/wp-content\/uploads\/2026\/03\/ph-Donatella-Codonesu-1807-1-1024x463.jpg 1024w, https:\/\/reconnectedselfprague.com\/wp-content\/uploads\/2026\/03\/ph-Donatella-Codonesu-1807-1-768x347.jpg 768w, https:\/\/reconnectedselfprague.com\/wp-content\/uploads\/2026\/03\/ph-Donatella-Codonesu-1807-1-1536x694.jpg 1536w, https:\/\/reconnectedselfprague.com\/wp-content\/uploads\/2026\/03\/ph-Donatella-Codonesu-1807-1-2048x925.jpg 2048w\" sizes=\"auto, (max-width: 2560px) 100vw, 2560px\" \/><\/figure>\n\n\n\n<h3 class=\"wp-block-heading\">Attachment-Focused Care<\/h3>\n\n\n\n<p class=\"has-medium-font-size\">We prioritize the therapeutic relationship as a safe space to repair insecure attachment and build the foundation for healthy, present-day connections.<\/p>\n<\/div>\n<\/div>\n<\/div>\n\n\n\n<div class=\"wp-block-group alignfull has-global-padding is-layout-constrained wp-block-group-is-layout-constrained\" style=\"margin-top:0;margin-bottom:0;padding-top:var(--wp--preset--spacing--60);padding-bottom:var(--wp--preset--spacing--60)\">\n<div class=\"wp-block-columns alignwide is-layout-flex wp-container-core-columns-is-layout-74b2cda3 wp-block-columns-is-layout-flex\">\n<div class=\"wp-block-column is-layout-flow wp-block-column-is-layout-flow\">\n<div class=\"wp-block-group is-vertical is-content-justification-left is-layout-flex wp-container-core-group-is-layout-7ce391b6 wp-block-group-is-layout-flex\" style=\"min-height:100%\">\n<h2 class=\"wp-block-heading is-style-text-annotation has-x-small-font-size is-style-text-annotation--6\">Who We Are<\/h2>\n\n\n\n<blockquote class=\"wp-block-quote is-style-plain has-x-large-font-size is-layout-flow wp-container-core-quote-is-layout-5dafc681 wp-block-quote-is-layout-flow is-style-plain--7\" style=\"font-style:normal;font-weight:400\">\n<div class=\"wp-block-group has-global-padding is-content-justification-left is-layout-constrained wp-container-core-group-is-layout-085bd3d9 wp-block-group-is-layout-constrained\" style=\"margin-top:0;margin-bottom:0;padding-top:0;padding-right:0;padding-bottom:0;padding-left:0\">\n<p class=\"has-x-large-font-size\">We are English-speaking counselors dedicated to providing the Greater Prague area with deep, evidence-based support without the barrier of long waitlists.<\/p>\n<\/div>\n<cite>Pictured to the right: Founder, Stephan Wolfert, Master of Fine Arts (MFA) <em>Magistr um\u011bn\u00ed<\/em> (MgA.), Master of Social Work (MSW)\u2014Trauma Practice <em>Navazuj\u00edc\u00ed magistersk\u00e9 studium v oboru soci\u00e1ln\u00ed pr\u00e1ce (Mgr.)<\/em><\/cite><\/blockquote>\n<\/div>\n<\/div>\n\n\n\n<div class=\"wp-block-column is-layout-flow wp-block-column-is-layout-flow\" style=\"padding-top:0;padding-right:0;padding-bottom:0;padding-left:0\">\n<figure class=\"wp-block-image size-large\"><img loading=\"lazy\" decoding=\"async\" width=\"683\" height=\"1024\" src=\"http:\/\/www.reconnectedselfprague.com\/wp-content\/uploads\/2026\/03\/Stephan-34-shot-lower-res-683x1024.jpeg\" alt=\"\" class=\"wp-image-9\" style=\"aspect-ratio:1;object-fit:cover\" srcset=\"https:\/\/reconnectedselfprague.com\/wp-content\/uploads\/2026\/03\/Stephan-34-shot-lower-res-683x1024.jpeg 683w, https:\/\/reconnectedselfprague.com\/wp-content\/uploads\/2026\/03\/Stephan-34-shot-lower-res-200x300.jpeg 200w, https:\/\/reconnectedselfprague.com\/wp-content\/uploads\/2026\/03\/Stephan-34-shot-lower-res-768x1152.jpeg 768w, https:\/\/reconnectedselfprague.com\/wp-content\/uploads\/2026\/03\/Stephan-34-shot-lower-res-1024x1536.jpeg 1024w\" sizes=\"auto, (max-width: 683px) 100vw, 683px\" \/><\/figure>\n<\/div>\n<\/div>\n\n\n\n<p class=\"has-accent-1-background-color has-background\" style=\"margin-right:0;margin-left:0\">My path to counseling began at the intersection of trauma and the arts. For over two decades, I have explored how the human central nervous system responds to high-stress environments and how we can use the power of narrative to lead ourselves back to wholeness. While my work began with military veterans and performers in the United States, <strong>my focus in Prague is helping the international and local community navigate the complexities of feeling &#8220;unrooted.&#8221; <\/strong>Whether you are an expat\/immigrant, an artist, or a professional, my approach is built on the belief that we thrive only when our mind, body, and stories are in alignment. <\/p>\n<\/div>\n\n\n\n<div class=\"wp-block-group alignfull has-global-padding is-layout-constrained wp-block-group-is-layout-constrained\" style=\"margin-top:0;margin-bottom:0;padding-top:var(--wp--preset--spacing--60);padding-bottom:var(--wp--preset--spacing--60)\">\n<h2 class=\"wp-block-heading alignwide has-text-align-center\">Pricing<\/h2>\n\n\n\n<p class=\"has-text-align-center\">Payment via the George App<\/p>\n\n\n\n<div style=\"height:var(--wp--preset--spacing--40)\" aria-hidden=\"true\" class=\"wp-block-spacer\"><\/div>\n\n\n\n<div class=\"wp-block-columns alignwide is-layout-flex wp-container-core-columns-is-layout-1d9f35bd wp-block-columns-is-layout-flex\">\n<div class=\"wp-block-column has-border-color is-layout-flow wp-block-column-is-layout-flow\" style=\"border-color:var(--wp--preset--color--accent-6);border-width:1px;border-radius:10px;padding-top:var(--wp--preset--spacing--50);padding-right:var(--wp--preset--spacing--50);padding-bottom:var(--wp--preset--spacing--50);padding-left:var(--wp--preset--spacing--50)\">\n<h3 class=\"wp-block-heading\" id=\"free\">15 Minute Consultation Online<\/h3>\n\n\n\n<p class=\"has-large-font-size\">0 CZK<\/p>\n\n\n\n<ul style=\"padding-bottom:var(--wp--preset--spacing--20);padding-left:var(--wp--preset--spacing--20)\" class=\"wp-block-list is-style-checkmark-list has-small-font-size\">\n<li><span style=\"text-decoration: underline;\"><strong>Platform:<\/strong> <\/span>Secure, one-click video link (no complex downloads required).<\/li>\n\n\n\n<li><strong><span style=\"text-decoration: underline;\">Language &amp; Availability:<\/span><\/strong> English-language counseling with immediate availability<\/li>\n\n\n\n<li><strong><span style=\"text-decoration: underline;\">Counseling for:<\/span><\/strong>\n<ul class=\"wp-block-list\">\n<li>Survivors of trauma (PTSD, C-PTSD)<\/li>\n\n\n\n<li>Survivors of childhood maltreatment, neglect, and abuse (developmental trauma)<\/li>\n\n\n\n<li>Survivors of intergenerational and transgenerational trauma<\/li>\n\n\n\n<li>Suffering from emotional and\/or physiological dysregulation (for example: anxiety, panic attacks, depression, dissociation, etc.)<\/li>\n\n\n\n<li>Experiencing overwhelm, shame, guilt, low self-worth, and\/or low self-compassion<\/li>\n\n\n\n<li>Enduring prolonged suffering from chronic conditions or physical pain (including such conditions as long-COVID, myalgic encephalomyelitis (ME), chronic fatigue syndrome (CFS), post-exertion malaise (PEMS), and more)<\/li>\n<\/ul>\n<\/li>\n<\/ul>\n\n\n\n<div class=\"wp-block-buttons is-content-justification-center is-layout-flex wp-container-core-buttons-is-layout-a89b3969 wp-block-buttons-is-layout-flex\">\n<div class=\"wp-block-button has-custom-width wp-block-button__width-100\"><a class=\"wp-block-button__link wp-element-button\" href=\"https:\/\/calendar.app.google\/jqHBk1DrsVAYpJiUA\">Schedule Your Free Consult Now<\/a><\/div>\n<\/div>\n<\/div>\n\n\n\n<div class=\"wp-block-column has-border-color is-layout-flow wp-block-column-is-layout-flow\" style=\"border-color:var(--wp--preset--color--accent-6);border-width:1px;border-radius:10px;padding-top:var(--wp--preset--spacing--50);padding-right:var(--wp--preset--spacing--50);padding-bottom:var(--wp--preset--spacing--50);padding-left:var(--wp--preset--spacing--50)\">\n<h3 class=\"wp-block-heading\" id=\"single\">Individual Sessions Online<\/h3>\n\n\n\n<p class=\"has-large-font-size\">1600 CZK ($75 USD) per 60-minute session<\/p>\n\n\n\n<ul style=\"padding-bottom:var(--wp--preset--spacing--20);padding-left:var(--wp--preset--spacing--20)\" class=\"wp-block-list is-style-checkmark-list has-small-font-size\">\n<li><strong>Somatic Integration &amp; Nervous System Regulation<\/strong> Moving beyond &#8220;talk therapy&#8221; to address how trauma is stored in the body. We use somatic practices to down-regulate the central nervous system, helping you move out of survival mode and regain physical autonomy.<\/li>\n\n\n\n<li><strong>Narrative Repair &amp; Re-Authoring:<\/strong> Using the power of story to move from a fragmented past to a coherent future. Together, we work to author a new story where you are the protagonist who takes up the time and space they deserve.<\/li>\n\n\n\n<li><strong>Attachment &amp; Relational Healing: <\/strong>Utilizing the therapeutic relationship as a laboratory for repair. We focus on healing insecure attachment patterns, allowing you to show up authentically in your relationships and speak what you feel, rather than what you &#8220;ought&#8221; to say.<\/li>\n\n\n\n<li><strong>Expat &amp; Transition Counseling:<\/strong> Tailored support for the English-speaking community in Prague. Whether you are a digital nomad, an artist, or a veteran, we address the unique &#8220;unrooted&#8221; feeling of living abroad by building a sense of internal home.<\/li>\n\n\n\n<li><em>A 50% cancellation fee applies to sessions canceled less than 24 hours in advance.<\/em><\/li>\n<\/ul>\n\n\n\n<div class=\"wp-block-buttons is-content-justification-center is-layout-flex wp-container-core-buttons-is-layout-a89b3969 wp-block-buttons-is-layout-flex\">\n<div class=\"wp-block-button has-custom-width wp-block-button__width-100\"><a class=\"wp-block-button__link wp-element-button\" href=\"mailto:reconnectedself@proton.me\">Email Us To Begin Your Healing Journey<\/a><\/div>\n<\/div>\n<\/div>\n<\/div>\n<\/div>\n\n\n\n<aside class=\"wp-block-group alignfull is-style-section-3 has-global-padding is-layout-constrained wp-container-core-group-is-layout-f0f2a97b wp-block-group-is-layout-constrained is-style-section-3--8\" style=\"margin-top:0;margin-bottom:0;padding-top:var(--wp--preset--spacing--50);padding-right:var(--wp--preset--spacing--50);padding-bottom:var(--wp--preset--spacing--50);padding-left:var(--wp--preset--spacing--50)\">\n<div class=\"wp-block-group is-vertical is-content-justification-center is-layout-flex wp-container-core-group-is-layout-8778ca4a wp-block-group-is-layout-flex\" style=\"min-height:360px;margin-top:0;margin-bottom:0\">\n<h2 class=\"wp-block-heading has-text-align-center has-xx-large-font-size\">If you&#8217;re experiencing constant feelings of being overwhelmed, stuck, stressed, or depressed, please reach out now.<\/h2>\n\n\n\n<p class=\"has-text-align-center is-style-text-subtitle is-style-text-subtitle--9\">We provide a compassionate, non-judgmental environment where you can take the time and space needed to process, heal, reconnect, feel, imagine, and create a different possible self.<\/p>\n\n\n\n<div style=\"height:0px\" aria-hidden=\"true\" class=\"wp-block-spacer wp-container-content-62aae154\"><\/div>\n\n\n\n<div class=\"wp-block-buttons is-content-justification-center is-layout-flex wp-container-core-buttons-is-layout-a89b3969 wp-block-buttons-is-layout-flex\">\n<div class=\"wp-block-button\"><a class=\"wp-block-button__link has-text-align-center wp-element-button\" href=\"mailto:reconnectedself@proton.me\">E-Mail Us Here<\/a><\/div>\n<\/div>\n<\/div>\n<\/aside>\n\n\n\n<p class=\"has-xx-large-font-size\"><strong>How Online Counseling Works: Presence Beyond the Screen<\/strong><\/p>\n\n\n\n<p>Many people wonder if somatic work or &#8220;repairing attachment&#8221; can happen through a laptop. In our experience, the digital space offers a unique opportunity for deep, focused work in the environment where you feel most safe: your own home.<\/p>\n\n\n\n<p><br>\u2022 <strong>A Sanctuary in Your Own Space: <\/strong>By meeting online, we integrate the healing process directly into your daily life rather than keeping it &#8220;contained&#8221; in a clinical office.<br>\u2022<strong>Focus on Somatic Presence:<\/strong> Because we are working with your nervous system, being in your own comfortable environment often allows for a faster &#8220;down-regulation&#8221; of the central nervous system.<br>\u2022 <strong>Narrative Continuity:<\/strong> Our sessions serve as a consistent &#8220;port in the storm&#8221; of life, accessible to you whether you are in Prague or traveling throughout the Greater Prague area.<br>\u2022 <strong>Seamless Integration: <\/strong>We use secure, HIPAA-compliant platforms that prioritize your privacy, allowing us to focus entirely on the &#8220;story&#8221; we are re-authoring together. <\/p>\n","protected":false},"excerpt":{"rendered":"<p>English-Language Mental Health Counseling in Greater Prague Stephan Wolfert, Founder, Reconnected Self Counseling, English-Language Counseling | Online | Greater Prague Integrate your body. Reclaim your story. About Us Healing is a process of integration. At Reconnected Self, we support English-speaking expats, performers, war survivors, and adults who have experienced childhood neglect, maltreatment, or abuse to [&hellip;]<\/p>\n","protected":false},"author":1,"featured_media":0,"parent":0,"menu_order":0,"comment_status":"closed","ping_status":"closed","template":"","meta":{"footnotes":""},"class_list":["post-7","page","type-page","status-publish","hentry"],"_links":{"self":[{"href":"https:\/\/reconnectedselfprague.com\/index.php?rest_route=\/wp\/v2\/pages\/7","targetHints":{"allow":["GET"]}}],"collection":[{"href":"https:\/\/reconnectedselfprague.com\/index.php?rest_route=\/wp\/v2\/pages"}],"about":[{"href":"https:\/\/reconnectedselfprague.com\/index.php?rest_route=\/wp\/v2\/types\/page"}],"author":[{"embeddable":true,"href":"https:\/\/reconnectedselfprague.com\/index.php?rest_route=\/wp\/v2\/users\/1"}],"replies":[{"embeddable":true,"href":"https:\/\/reconnectedselfprague.com\/index.php?rest_route=%2Fwp%2Fv2%2Fcomments&post=7"}],"version-history":[{"count":25,"href":"https:\/\/reconnectedselfprague.com\/index.php?rest_route=\/wp\/v2\/pages\/7\/revisions"}],"predecessor-version":[{"id":49,"href":"https:\/\/reconnectedselfprague.com\/index.php?rest_route=\/wp\/v2\/pages\/7\/revisions\/49"}],"wp:attachment":[{"href":"https:\/\/reconnectedselfprague.com\/index.php?rest_route=%2Fwp%2Fv2%2Fmedia&parent=7"}],"curies":[{"name":"wp","href":"https:\/\/api.w.org\/{rel}","templated":true}]}}